{"id":79923,"date":"2020-04-29T01:22:06","date_gmt":"2020-04-29T04:22:06","guid":{"rendered":"https:\/\/calabrese.cl\/tienda\/?page_id=79923"},"modified":"2020-04-29T01:22:07","modified_gmt":"2020-04-29T04:22:07","slug":"terminos-y-condiciones-de-compra","status":"publish","type":"page","link":"https:\/\/calabrese.cl\/tienda\/terminos-y-condiciones-de-compra\/","title":{"rendered":"T\u00e9rminos y Condiciones de Compra"},"content":{"rendered":"\n<p><strong>GARANT\u00cdA LEGAL<\/strong><\/p>\n\n\n\n<p>Nuestra garant\u00eda cubre los productos adquiridos en nuestro sitio web y cumple con todos los derechos que te reconoce la ley chilena y, adem\u00e1s, de los que te otorgan estos t\u00e9rminos y condiciones.<\/p>\n\n\n\n<p><strong>Calabrese.cl<\/strong> aplicar\u00e1 estrictamente todos los beneficios y garant\u00edas que la Ley sobre de Protecci\u00f3n a los Derechos de los Consumidores establece para las transacciones que se realizan a trav\u00e9s de este sitio.<\/p>\n\n\n\n<p>Si el producto que compraste presenta alguna falla de f\u00e1brica, tienes derecho a la garant\u00eda legal. Esta consiste en 3 meses para pedir el cambio del producto, la reparaci\u00f3n gratuita o la devoluci\u00f3n del dinero. Debes presentar tu boleta y los empaques originales. Esto no aplica a da\u00f1os realizados por el usuario ni desgaste por el uso normal.<\/p>\n\n\n\n<hr class=\"wp-block-separator\"\/>\n\n\n\n<p><strong>CAMBIO O DEVOLUCI\u00d3N<\/strong><\/p>\n\n\n\n<p>Te ofrecemos 10 d\u00edas de corrido para el cambio (desde la recepci\u00f3n del producto), ya sea por otra talla del mismo producto o cualquier producto disponible en <strong>Calabrese.cl<\/strong><\/p>\n\n\n\n<p>Todas las devoluciones y cambios ser\u00e1n autorizados una vez que nuestro Control de Calidad haya corroborado el buen estado del producto a devolver o cambiar. Recuerda que los costos de despacho corren siempre por parte del comprador, ya sea de retorno como el nuevo despacho. Las devoluciones o cambios son s\u00f3lo pueden validarse con la boleta adjunta.<\/p>\n\n\n\n<p>En el caso de la devoluci\u00f3n, esta s\u00f3lo aplica a fallas de f\u00e1brica, no a problemas de talla o satisfacci\u00f3n.<\/p>\n\n\n\n<p>Importante: Los productos personalizados (con cambios en el dise\u00f1o a pedido o dise\u00f1os propios del cliente) no aplican a cambio ni devoluci\u00f3n cuando las razones sean atribuibles a gustos, apreciaciones personales del cliente, o tallaje.<\/p>\n\n\n\n<p><strong>\u00bfC\u00f3mo cambiar o devolver un producto?<\/strong><\/p>\n\n\n\n<p>Puedes comunicarte mediante nuestro formulario de contacto, o directamente a correo <strong>santalucia@calabrese.cl<\/strong><\/p>\n","protected":false},"excerpt":{"rendered":"<p>GARANT\u00cdA LEGAL Nuestra garant\u00eda cubre los productos adquiridos en nuestro sitio web y cumple con todos los derechos que te reconoce la ley chilena y, adem\u00e1s, de los que te&hellip;<\/p>\n","protected":false},"author":1,"featured_media":0,"parent":0,"menu_order":0,"comment_status":"closed","ping_status":"closed","template":"","meta":{"spay_email":""},"_links":{"self":[{"href":"https:\/\/calabrese.cl\/tienda\/wp-json\/wp\/v2\/pages\/79923"}],"collection":[{"href":"https:\/\/calabrese.cl\/tienda\/wp-json\/wp\/v2\/pages"}],"about":[{"href":"https:\/\/calabrese.cl\/tienda\/wp-json\/wp\/v2\/types\/page"}],"author":[{"embeddable":true,"href":"https:\/\/calabrese.cl\/tienda\/wp-json\/wp\/v2\/users\/1"}],"replies":[{"embeddable":true,"href":"https:\/\/calabrese.cl\/tienda\/wp-json\/wp\/v2\/comments?post=79923"}],"version-history":[{"count":1,"href":"https:\/\/calabrese.cl\/tienda\/wp-json\/wp\/v2\/pages\/79923\/revisions"}],"predecessor-version":[{"id":79924,"href":"https:\/\/calabrese.cl\/tienda\/wp-json\/wp\/v2\/pages\/79923\/revisions\/79924"}],"wp:attachment":[{"href":"https:\/\/calabrese.cl\/tienda\/wp-json\/wp\/v2\/media?parent=79923"}],"curies":[{"name":"wp","href":"https:\/\/api.w.org\/{rel}","templated":true}]}}